{"id":18391,"date":"2023-09-12T12:17:58","date_gmt":"2023-09-12T10:17:58","guid":{"rendered":"https:\/\/lesvignals.fr\/produit\/100-duras-wine-certified-methode-nature\/"},"modified":"2024-01-02T17:03:04","modified_gmt":"2024-01-02T16:03:04","slug":"100-duras-vin-methode-nature","status":"publish","type":"product","link":"https:\/\/lesvignals.fr\/en\/produit\/100-duras-vin-methode-nature\/","title":{"rendered":"100% Duras, &#8220;Vin M\u00e9thode Nature&#8221;"},"content":{"rendered":"<p>Appellation : <strong>AOP Gaillac<\/strong><\/p>\n<p><strong>C\u00e9pages<\/strong> : 100% Duras, ramass\u00e9 \u00e0 la main<\/p>\n<p><strong>Sol<\/strong> : argilo-calcaire<\/p>\n<p><strong>Mise en bouteille<\/strong> : at the estate, bottles of 750 ml<\/p>\n<p><strong>Certification<\/strong> : vin en Biodynamie certifi\u00e9 par ECOCERT et DEMETER<\/p>\n<p>&nbsp;<\/p>\n<p><strong>Mill\u00e9sime 2022<\/strong><strong> <\/strong><strong>:  <\/strong><\/p>\n<p>Just few words about vintage 2022: we had a normal beginning with some late frosts that thankfully didn\u2019t affect us. The temperatures have been rising quickly over the seasonal averages since the beginning of May. Dry and hot weather followed up to the start of the harvest with some rain finally coming at the end of September. We will remember 2022 as a dry and extreme season. However, thanks to the stellar job of our guys in the vineyard, we had a good start for the vinification process.<\/p>\n<p><strong> <\/strong><strong>Winemaking<\/strong><strong> <\/strong><strong>: <\/strong>la vinification est aussi simple que les composants de ce vin : rien de plus que les raisins, \u00e9grapp\u00e9s doucement et plac\u00e9s en cuves inox. Le 17 septembre, jour de la r\u00e9colte, la temp\u00e9rature \u00e9tait douce, donc les raisins \u00e9taient \u00e0 une temp\u00e9rature d\u2019environ 18\u00b0C. Apr\u00e8s une nuit de mac\u00e9ration, ils ont lentement commenc\u00e9 \u00e0 fermenter. Nous avons jug\u00e9 qu\u2019apr\u00e8s 15 jours l\u2019extraction serait parfaite. Une fois la fermentation achev\u00e9e, nous avons seulement soutir\u00e9 deux fois pour avoir un vin naturellement clair avec le minimum d\u2019oxyg\u00e8ne apport\u00e9. Puis il est mis en bouteilles sans filtration en avril.<\/p>\n<div id=\"sconnect-is-installed\" style=\"display: none;\">2.15.0.0<\/div>\n<div id=\"sconnect-is-installed\" style=\"display: none;\">2.15.0.0<\/div>\n<div id=\"sconnect-is-installed\" style=\"display: none;\">2.15.0.0<\/div>\n<div id=\"sconnect-is-installed\" style=\"display: none;\">2.15.0.0<\/div>\n<div id=\"sconnect-is-installed\" style=\"display: none;\">2.15.0.0<\/div>\n<div id=\"sconnect-is-installed\" style=\"display: none;\">2.15.0.0<\/div>\n","protected":false},"excerpt":{"rendered":"<p>Vin labellis\u00e9 &#8220;M\u00e9thode Nature&#8221;<\/p>\n<p>Une<strong> robe<\/strong> rouge profond, aux reflets violets.<\/p>\n<p>Le premier <strong>nez<\/strong> offre des notes fruit\u00e9es d\u2019abricot et de p\u00eache, ensuite il r\u00e9v\u00e8le tout son c\u00f4t\u00e9 \u00e9pic\u00e9 : poivre blanc, r\u00e9glisse et menthe ; et au final quelques notes de violette apparaissent \u00e9galement.<\/p>\n<p>En <strong>bouche<\/strong>, il est fluide et soyeux, \u00e9quilibr\u00e9 du d\u00e9but \u00e0 la fin : toutes les saveurs se r\u00e9v\u00e8lent le temps d\u2019une gorg\u00e9e avec un final de cerise.<\/p>\n<p><strong>Accord mets et vin<\/strong> : parfait avec un <em>risotto<\/em> au safran ou un <em>ossobuco<\/em>.<\/p>\n<div id=\"sconnect-is-installed\" style=\"display: none;\">2.15.0.0<\/div>\n<div id=\"sconnect-is-installed\" style=\"display: none;\">2.15.0.0<\/div>\n<div id=\"sconnect-is-installed\" style=\"display: none;\">2.15.0.0<\/div>\n<div id=\"sconnect-is-installed\" style=\"display: none;\">2.15.0.0<\/div>\n<div id=\"sconnect-is-installed\" style=\"display: none;\">2.15.0.0<\/div>\n<div id=\"sconnect-is-installed\" style=\"display: none;\">2.15.0.0<\/div>\n","protected":false},"featured_media":21525,"comment_status":"closed","ping_status":"closed","template":"","meta":[],"product_brand":[],"product_cat":[211,167,168],"product_tag":[],"class_list":{"0":"post-18391","1":"product","2":"type-product","3":"status-publish","4":"has-post-thumbnail","6":"product_cat-vin-methode-nature-en","7":"product_cat-gaillac-aoc","8":"product_cat-les-rouges","9":"product_shipping_class-bouteille-en","11":"first","12":"outofstock","13":"taxable","14":"shipping-taxable","15":"purchasable","16":"product-type-simple"},"yoast_head":"<!-- This site is optimized with the Yoast SEO plugin v27.3 - https:\/\/yoast.com\/product\/yoast-seo-wordpress\/ -->\n<title>100% Duras, &quot;Vin M\u00e9thode Nature&quot; - Ch\u00e2teau Les Vignals<\/title>\n<meta name=\"robots\" content=\"index, follow, max-snippet:-1, max-image-preview:large, max-video-preview:-1\" \/>\n<link rel=\"canonical\" href=\"https:\/\/lesvignals.fr\/en\/produit\/100-duras-vin-methode-nature\/\" \/>\n<meta property=\"og:locale\" content=\"en_US\" \/>\n<meta property=\"og:type\" content=\"article\" \/>\n<meta property=\"og:title\" content=\"100% Duras, &quot;Vin M\u00e9thode Nature&quot; - Ch\u00e2teau Les Vignals\" \/>\n<meta property=\"og:description\" content=\"Vin labellis\u00e9 &quot;M\u00e9thode Nature&quot; Une robe rouge profond, aux reflets violets. Le premier nez offre des notes fruit\u00e9es d\u2019abricot et de p\u00eache, ensuite il r\u00e9v\u00e8le tout son c\u00f4t\u00e9 \u00e9pic\u00e9 : poivre blanc, r\u00e9glisse et menthe ; et au final quelques notes de violette apparaissent \u00e9galement. En bouche, il est fluide et soyeux, \u00e9quilibr\u00e9 du d\u00e9but \u00e0 la fin : toutes les saveurs se r\u00e9v\u00e8lent le temps d\u2019une gorg\u00e9e avec un final de cerise. Accord mets et vin : parfait avec un risotto au safran ou un ossobuco. 2.15.0.0 2.15.0.0 2.15.0.0 2.15.0.0 2.15.0.0 2.15.0.0\" \/>\n<meta property=\"og:url\" content=\"https:\/\/lesvignals.fr\/en\/produit\/100-duras-vin-methode-nature\/\" \/>\n<meta property=\"og:site_name\" content=\"Ch\u00e2teau Les Vignals\" \/>\n<meta property=\"article:modified_time\" content=\"2024-01-02T16:03:04+00:00\" \/>\n<meta property=\"og:image\" content=\"https:\/\/lesvignals.fr\/wp-content\/uploads\/2023\/09\/100-DURAS-2022_website.png\" \/>\n\t<meta property=\"og:image:width\" content=\"1080\" \/>\n\t<meta property=\"og:image:height\" content=\"1080\" \/>\n\t<meta property=\"og:image:type\" content=\"image\/png\" \/>\n<meta name=\"twitter:card\" content=\"summary_large_image\" \/>\n<meta name=\"twitter:label1\" content=\"Est. reading time\" \/>\n\t<meta name=\"twitter:data1\" content=\"1 minute\" \/>\n<script type=\"application\/ld+json\" class=\"yoast-schema-graph\">{\"@context\":\"https:\\\/\\\/schema.org\",\"@graph\":[{\"@type\":\"WebPage\",\"@id\":\"https:\\\/\\\/lesvignals.fr\\\/en\\\/produit\\\/100-duras-vin-methode-nature\\\/\",\"url\":\"https:\\\/\\\/lesvignals.fr\\\/en\\\/produit\\\/100-duras-vin-methode-nature\\\/\",\"name\":\"100% Duras, \\\"Vin M\u00e9thode Nature\\\" - Ch\u00e2teau Les Vignals\",\"isPartOf\":{\"@id\":\"https:\\\/\\\/lesvignals.fr\\\/en\\\/#website\"},\"primaryImageOfPage\":{\"@id\":\"https:\\\/\\\/lesvignals.fr\\\/en\\\/produit\\\/100-duras-vin-methode-nature\\\/#primaryimage\"},\"image\":{\"@id\":\"https:\\\/\\\/lesvignals.fr\\\/en\\\/produit\\\/100-duras-vin-methode-nature\\\/#primaryimage\"},\"thumbnailUrl\":\"https:\\\/\\\/lesvignals.fr\\\/wp-content\\\/uploads\\\/2026\\\/03\\\/2.png\",\"datePublished\":\"2023-09-12T10:17:58+00:00\",\"dateModified\":\"2024-01-02T16:03:04+00:00\",\"breadcrumb\":{\"@id\":\"https:\\\/\\\/lesvignals.fr\\\/en\\\/produit\\\/100-duras-vin-methode-nature\\\/#breadcrumb\"},\"inLanguage\":\"en-US\",\"potentialAction\":[{\"@type\":\"ReadAction\",\"target\":[\"https:\\\/\\\/lesvignals.fr\\\/en\\\/produit\\\/100-duras-vin-methode-nature\\\/\"]}]},{\"@type\":\"ImageObject\",\"inLanguage\":\"en-US\",\"@id\":\"https:\\\/\\\/lesvignals.fr\\\/en\\\/produit\\\/100-duras-vin-methode-nature\\\/#primaryimage\",\"url\":\"https:\\\/\\\/lesvignals.fr\\\/wp-content\\\/uploads\\\/2026\\\/03\\\/2.png\",\"contentUrl\":\"https:\\\/\\\/lesvignals.fr\\\/wp-content\\\/uploads\\\/2026\\\/03\\\/2.png\",\"width\":1080,\"height\":1080},{\"@type\":\"BreadcrumbList\",\"@id\":\"https:\\\/\\\/lesvignals.fr\\\/en\\\/produit\\\/100-duras-vin-methode-nature\\\/#breadcrumb\",\"itemListElement\":[{\"@type\":\"ListItem\",\"position\":1,\"name\":\"Accueil\",\"item\":\"https:\\\/\\\/lesvignals.fr\\\/en\\\/home\\\/\"},{\"@type\":\"ListItem\",\"position\":2,\"name\":\"Online Shop\",\"item\":\"https:\\\/\\\/lesvignals.fr\\\/en\\\/online-shop\\\/\"},{\"@type\":\"ListItem\",\"position\":3,\"name\":\"100% Duras, &#8220;Vin M\u00e9thode Nature&#8221;\"}]},{\"@type\":\"WebSite\",\"@id\":\"https:\\\/\\\/lesvignals.fr\\\/en\\\/#website\",\"url\":\"https:\\\/\\\/lesvignals.fr\\\/en\\\/\",\"name\":\"Ch\u00e2teau Les Vignals\",\"description\":\"Agitateurs de raisins | Vins de GAILLAC\",\"publisher\":{\"@id\":\"https:\\\/\\\/lesvignals.fr\\\/en\\\/#organization\"},\"potentialAction\":[{\"@type\":\"SearchAction\",\"target\":{\"@type\":\"EntryPoint\",\"urlTemplate\":\"https:\\\/\\\/lesvignals.fr\\\/en\\\/?s={search_term_string}\"},\"query-input\":{\"@type\":\"PropertyValueSpecification\",\"valueRequired\":true,\"valueName\":\"search_term_string\"}}],\"inLanguage\":\"en-US\"},{\"@type\":\"Organization\",\"@id\":\"https:\\\/\\\/lesvignals.fr\\\/en\\\/#organization\",\"name\":\"Ch\u00e2teau Les Vignals\",\"url\":\"https:\\\/\\\/lesvignals.fr\\\/en\\\/\",\"logo\":{\"@type\":\"ImageObject\",\"inLanguage\":\"en-US\",\"@id\":\"https:\\\/\\\/lesvignals.fr\\\/en\\\/#\\\/schema\\\/logo\\\/image\\\/\",\"url\":\"https:\\\/\\\/lesvignals.fr\\\/wp-content\\\/uploads\\\/2019\\\/12\\\/LOGO-VIGNALS.png\",\"contentUrl\":\"https:\\\/\\\/lesvignals.fr\\\/wp-content\\\/uploads\\\/2019\\\/12\\\/LOGO-VIGNALS.png\",\"width\":400,\"height\":260,\"caption\":\"Ch\u00e2teau Les Vignals\"},\"image\":{\"@id\":\"https:\\\/\\\/lesvignals.fr\\\/en\\\/#\\\/schema\\\/logo\\\/image\\\/\"}}]}<\/script>\n<!-- \/ Yoast SEO plugin. -->","yoast_head_json":{"title":"100% Duras, \"Vin M\u00e9thode Nature\" - Ch\u00e2teau Les Vignals","robots":{"index":"index","follow":"follow","max-snippet":"max-snippet:-1","max-image-preview":"max-image-preview:large","max-video-preview":"max-video-preview:-1"},"canonical":"https:\/\/lesvignals.fr\/en\/produit\/100-duras-vin-methode-nature\/","og_locale":"en_US","og_type":"article","og_title":"100% Duras, \"Vin M\u00e9thode Nature\" - Ch\u00e2teau Les Vignals","og_description":"Vin labellis\u00e9 \"M\u00e9thode Nature\" Une robe rouge profond, aux reflets violets. Le premier nez offre des notes fruit\u00e9es d\u2019abricot et de p\u00eache, ensuite il r\u00e9v\u00e8le tout son c\u00f4t\u00e9 \u00e9pic\u00e9 : poivre blanc, r\u00e9glisse et menthe ; et au final quelques notes de violette apparaissent \u00e9galement. En bouche, il est fluide et soyeux, \u00e9quilibr\u00e9 du d\u00e9but \u00e0 la fin : toutes les saveurs se r\u00e9v\u00e8lent le temps d\u2019une gorg\u00e9e avec un final de cerise. Accord mets et vin : parfait avec un risotto au safran ou un ossobuco. 2.15.0.0 2.15.0.0 2.15.0.0 2.15.0.0 2.15.0.0 2.15.0.0","og_url":"https:\/\/lesvignals.fr\/en\/produit\/100-duras-vin-methode-nature\/","og_site_name":"Ch\u00e2teau Les Vignals","article_modified_time":"2024-01-02T16:03:04+00:00","og_image":[{"width":1080,"height":1080,"url":"https:\/\/lesvignals.fr\/wp-content\/uploads\/2023\/09\/100-DURAS-2022_website.png","type":"image\/png"}],"twitter_card":"summary_large_image","twitter_misc":{"Est. reading time":"1 minute"},"schema":{"@context":"https:\/\/schema.org","@graph":[{"@type":"WebPage","@id":"https:\/\/lesvignals.fr\/en\/produit\/100-duras-vin-methode-nature\/","url":"https:\/\/lesvignals.fr\/en\/produit\/100-duras-vin-methode-nature\/","name":"100% Duras, \"Vin M\u00e9thode Nature\" - Ch\u00e2teau Les Vignals","isPartOf":{"@id":"https:\/\/lesvignals.fr\/en\/#website"},"primaryImageOfPage":{"@id":"https:\/\/lesvignals.fr\/en\/produit\/100-duras-vin-methode-nature\/#primaryimage"},"image":{"@id":"https:\/\/lesvignals.fr\/en\/produit\/100-duras-vin-methode-nature\/#primaryimage"},"thumbnailUrl":"https:\/\/lesvignals.fr\/wp-content\/uploads\/2026\/03\/2.png","datePublished":"2023-09-12T10:17:58+00:00","dateModified":"2024-01-02T16:03:04+00:00","breadcrumb":{"@id":"https:\/\/lesvignals.fr\/en\/produit\/100-duras-vin-methode-nature\/#breadcrumb"},"inLanguage":"en-US","potentialAction":[{"@type":"ReadAction","target":["https:\/\/lesvignals.fr\/en\/produit\/100-duras-vin-methode-nature\/"]}]},{"@type":"ImageObject","inLanguage":"en-US","@id":"https:\/\/lesvignals.fr\/en\/produit\/100-duras-vin-methode-nature\/#primaryimage","url":"https:\/\/lesvignals.fr\/wp-content\/uploads\/2026\/03\/2.png","contentUrl":"https:\/\/lesvignals.fr\/wp-content\/uploads\/2026\/03\/2.png","width":1080,"height":1080},{"@type":"BreadcrumbList","@id":"https:\/\/lesvignals.fr\/en\/produit\/100-duras-vin-methode-nature\/#breadcrumb","itemListElement":[{"@type":"ListItem","position":1,"name":"Accueil","item":"https:\/\/lesvignals.fr\/en\/home\/"},{"@type":"ListItem","position":2,"name":"Online Shop","item":"https:\/\/lesvignals.fr\/en\/online-shop\/"},{"@type":"ListItem","position":3,"name":"100% Duras, &#8220;Vin M\u00e9thode Nature&#8221;"}]},{"@type":"WebSite","@id":"https:\/\/lesvignals.fr\/en\/#website","url":"https:\/\/lesvignals.fr\/en\/","name":"Ch\u00e2teau Les Vignals","description":"Agitateurs de raisins | Vins de GAILLAC","publisher":{"@id":"https:\/\/lesvignals.fr\/en\/#organization"},"potentialAction":[{"@type":"SearchAction","target":{"@type":"EntryPoint","urlTemplate":"https:\/\/lesvignals.fr\/en\/?s={search_term_string}"},"query-input":{"@type":"PropertyValueSpecification","valueRequired":true,"valueName":"search_term_string"}}],"inLanguage":"en-US"},{"@type":"Organization","@id":"https:\/\/lesvignals.fr\/en\/#organization","name":"Ch\u00e2teau Les Vignals","url":"https:\/\/lesvignals.fr\/en\/","logo":{"@type":"ImageObject","inLanguage":"en-US","@id":"https:\/\/lesvignals.fr\/en\/#\/schema\/logo\/image\/","url":"https:\/\/lesvignals.fr\/wp-content\/uploads\/2019\/12\/LOGO-VIGNALS.png","contentUrl":"https:\/\/lesvignals.fr\/wp-content\/uploads\/2019\/12\/LOGO-VIGNALS.png","width":400,"height":260,"caption":"Ch\u00e2teau Les Vignals"},"image":{"@id":"https:\/\/lesvignals.fr\/en\/#\/schema\/logo\/image\/"}}]}},"_links":{"self":[{"href":"https:\/\/lesvignals.fr\/en\/wp-json\/wp\/v2\/product\/18391","targetHints":{"allow":["GET"]}}],"collection":[{"href":"https:\/\/lesvignals.fr\/en\/wp-json\/wp\/v2\/product"}],"about":[{"href":"https:\/\/lesvignals.fr\/en\/wp-json\/wp\/v2\/types\/product"}],"replies":[{"embeddable":true,"href":"https:\/\/lesvignals.fr\/en\/wp-json\/wp\/v2\/comments?post=18391"}],"wp:featuredmedia":[{"embeddable":true,"href":"https:\/\/lesvignals.fr\/en\/wp-json\/wp\/v2\/media\/21525"}],"wp:attachment":[{"href":"https:\/\/lesvignals.fr\/en\/wp-json\/wp\/v2\/media?parent=18391"}],"wp:term":[{"taxonomy":"product_brand","embeddable":true,"href":"https:\/\/lesvignals.fr\/en\/wp-json\/wp\/v2\/product_brand?post=18391"},{"taxonomy":"product_cat","embeddable":true,"href":"https:\/\/lesvignals.fr\/en\/wp-json\/wp\/v2\/product_cat?post=18391"},{"taxonomy":"product_tag","embeddable":true,"href":"https:\/\/lesvignals.fr\/en\/wp-json\/wp\/v2\/product_tag?post=18391"}],"curies":[{"name":"wp","href":"https:\/\/api.w.org\/{rel}","templated":true}]}}