{"id":18390,"date":"2023-09-12T11:48:43","date_gmt":"2023-09-12T09:48:43","guid":{"rendered":"https:\/\/lesvignals.fr\/produit\/lassemblage-braucol-duras-wine-without-sulfur-certified-methode-nature\/"},"modified":"2024-01-02T17:01:13","modified_gmt":"2024-01-02T16:01:13","slug":"lassemblage-braucol-duras-vin-methode-nature","status":"publish","type":"product","link":"https:\/\/lesvignals.fr\/en\/produit\/lassemblage-braucol-duras-vin-methode-nature\/","title":{"rendered":"L&#8217;Assemblage Braucol-Duras, &#8220;Vin M\u00e9thode Nature&#8221;"},"content":{"rendered":"<p>Vin labellis\u00e9 &#8220;M\u00e9thode Nature&#8221;, sans soufre ajout\u00e9.<\/p>\n<p>Appellation : <strong>AOP Gaillac<\/strong><\/p>\n<p><strong>C\u00e9pages<\/strong> : 50% Braucol \/ 50% Duras, ramass\u00e9s \u00e0 la main<\/p>\n<p><strong>Sol<\/strong> : argilo-calcaire<\/p>\n<p><strong>Certification<\/strong> : Vin en Biodynamie certifi\u00e9 par ECOCERT et DEMETER<\/p>\n<p>&nbsp;<\/p>\n<p><strong>Mill\u00e9sime 2022<\/strong><strong> <\/strong><strong>:  <\/strong><\/p>\n<p>Just few words about vintage 2022: we had a normal beginning with some late frosts that thankfully didn\u2019t affect us. The temperatures have been rising quickly over the seasonal averages since the beginning of May. Dry and hot weather followed up to the start of the harvest with some rain finally coming at the end of September. We will remember 2022 as a dry and extreme season. However, thanks to the stellar job of our guys in the vineyard, we had a good start for the vinification process.<\/p>\n<p><strong> <\/strong><strong>Winemaking<\/strong><strong> <\/strong><strong>:  <\/strong><\/p>\n<p>La vinification est semblable \u00e0 une infusion : d\u2019abord le Duras et environ cinq jours apr\u00e8s le Braucol sont \u00e9grapp\u00e9s et plac\u00e9s en cuvage par gravit\u00e9. Le contact avec les peaux est bref, \u00e0 peu pr\u00e8s une semaine, avec tr\u00e8s peu de remontage. Au d\u00e9cuvage, les peaux sont press\u00e9es d\u00e9licatement et le jus extrait est r\u00e9incorpor\u00e9 pour apporter du corps au vin. Tout au long de l\u2019hiver il va d\u00e9canter, expos\u00e9 aux temp\u00e9ratures fraiches pour \u00eatre mis en bouteilles en avril, sans filtration.<\/p>\n<p>&nbsp;<\/p>\n<p>&nbsp;<\/p>\n<div id=\"sconnect-is-installed\" style=\"display: none;\">2.15.0.0<\/div>\n<div id=\"sconnect-is-installed\" style=\"display: none;\">2.15.0.0<\/div>\n<div id=\"sconnect-is-installed\" style=\"display: none;\">2.15.0.0<\/div>\n<div id=\"sconnect-is-installed\" style=\"display: none;\">2.15.0.0<\/div>\n<div id=\"sconnect-is-installed\" style=\"display: none;\">2.15.0.0<\/div>\n","protected":false},"excerpt":{"rendered":"<p>Vin labellis\u00e9 &#8220;M\u00e9thode Nature&#8221;, sans soufre ajout\u00e9.<\/p>\n<p><strong>D\u00e9gustation<\/strong> : au <strong>nez<\/strong> tout comme en <strong>bouche<\/strong>, le fruit est intense et fonc\u00e9, avec une sensation de canneberges et myrtilles confitur\u00e9es, le tout \u00e9quilibr\u00e9 par des notes menthol\u00e9es l\u00e9g\u00e8rement fum\u00e9es.<\/p>\n<p><strong> <\/strong><strong>Food pairing:<\/strong><\/p>\n<p>En \u00e9t\u00e9, parfait avec un barbecue, \u00e0 servir l\u00e9g\u00e8rement frais. Il accompagnera id\u00e9alement carpaccio de b\u0153uf au parmesan, tataki de thon ou encore salade de quinoa aux asperges vertes.<\/p>\n<p>&nbsp;<\/p>\n<p>&nbsp;<\/p>\n<div id=\"sconnect-is-installed\" style=\"display: none;\">2.15.0.0<\/div>\n<div id=\"sconnect-is-installed\" style=\"display: none;\">2.15.0.0<\/div>\n<div id=\"sconnect-is-installed\" style=\"display: none;\">2.15.0.0<\/div>\n<div id=\"sconnect-is-installed\" style=\"display: none;\">2.15.0.0<\/div>\n<div id=\"sconnect-is-installed\" style=\"display: none;\">2.15.0.0<\/div>\n","protected":false},"featured_media":21531,"comment_status":"closed","ping_status":"closed","template":"","meta":[],"product_brand":[],"product_cat":[211,167,168],"product_tag":[],"class_list":{"0":"post-18390","1":"product","2":"type-product","3":"status-publish","4":"has-post-thumbnail","6":"product_cat-vin-methode-nature-en","7":"product_cat-gaillac-aoc","8":"product_cat-les-rouges","9":"product_shipping_class-bouteille-en","11":"first","12":"instock","13":"taxable","14":"shipping-taxable","15":"purchasable","16":"product-type-simple"},"yoast_head":"<!-- This site is optimized with the Yoast SEO plugin v27.3 - https:\/\/yoast.com\/product\/yoast-seo-wordpress\/ -->\n<title>L&#039;Assemblage Braucol-Duras, &quot;Vin M\u00e9thode Nature&quot; - Ch\u00e2teau Les Vignals<\/title>\n<meta name=\"robots\" content=\"index, follow, max-snippet:-1, max-image-preview:large, max-video-preview:-1\" \/>\n<link rel=\"canonical\" href=\"https:\/\/lesvignals.fr\/en\/produit\/lassemblage-braucol-duras-vin-methode-nature\/\" \/>\n<meta property=\"og:locale\" content=\"en_US\" \/>\n<meta property=\"og:type\" content=\"article\" \/>\n<meta property=\"og:title\" content=\"L&#039;Assemblage Braucol-Duras, &quot;Vin M\u00e9thode Nature&quot; - Ch\u00e2teau Les Vignals\" \/>\n<meta property=\"og:description\" content=\"Vin labellis\u00e9 &quot;M\u00e9thode Nature&quot;, sans soufre ajout\u00e9. D\u00e9gustation : au nez tout comme en bouche, le fruit est intense et fonc\u00e9, avec une sensation de canneberges et myrtilles confitur\u00e9es, le tout \u00e9quilibr\u00e9 par des notes menthol\u00e9es l\u00e9g\u00e8rement fum\u00e9es.  Food pairing: En \u00e9t\u00e9, parfait avec un barbecue, \u00e0 servir l\u00e9g\u00e8rement frais. Il accompagnera id\u00e9alement carpaccio de b\u0153uf au parmesan, tataki de thon ou encore salade de quinoa aux asperges vertes. &nbsp; &nbsp; 2.15.0.0 2.15.0.0 2.15.0.0 2.15.0.0 2.15.0.0\" \/>\n<meta property=\"og:url\" content=\"https:\/\/lesvignals.fr\/en\/produit\/lassemblage-braucol-duras-vin-methode-nature\/\" \/>\n<meta property=\"og:site_name\" content=\"Ch\u00e2teau Les Vignals\" \/>\n<meta property=\"article:modified_time\" content=\"2024-01-02T16:01:13+00:00\" \/>\n<meta property=\"og:image\" content=\"https:\/\/lesvignals.fr\/wp-content\/uploads\/2023\/09\/LASSEMBLAGE-website.png\" \/>\n\t<meta property=\"og:image:width\" content=\"1080\" \/>\n\t<meta property=\"og:image:height\" content=\"1080\" \/>\n\t<meta property=\"og:image:type\" content=\"image\/png\" \/>\n<meta name=\"twitter:card\" content=\"summary_large_image\" \/>\n<meta name=\"twitter:label1\" content=\"Est. reading time\" \/>\n\t<meta name=\"twitter:data1\" content=\"1 minute\" \/>\n<script type=\"application\/ld+json\" class=\"yoast-schema-graph\">{\"@context\":\"https:\\\/\\\/schema.org\",\"@graph\":[{\"@type\":\"WebPage\",\"@id\":\"https:\\\/\\\/lesvignals.fr\\\/en\\\/produit\\\/lassemblage-braucol-duras-vin-methode-nature\\\/\",\"url\":\"https:\\\/\\\/lesvignals.fr\\\/en\\\/produit\\\/lassemblage-braucol-duras-vin-methode-nature\\\/\",\"name\":\"L'Assemblage Braucol-Duras, \\\"Vin M\u00e9thode Nature\\\" - Ch\u00e2teau Les Vignals\",\"isPartOf\":{\"@id\":\"https:\\\/\\\/lesvignals.fr\\\/en\\\/#website\"},\"primaryImageOfPage\":{\"@id\":\"https:\\\/\\\/lesvignals.fr\\\/en\\\/produit\\\/lassemblage-braucol-duras-vin-methode-nature\\\/#primaryimage\"},\"image\":{\"@id\":\"https:\\\/\\\/lesvignals.fr\\\/en\\\/produit\\\/lassemblage-braucol-duras-vin-methode-nature\\\/#primaryimage\"},\"thumbnailUrl\":\"https:\\\/\\\/lesvignals.fr\\\/wp-content\\\/uploads\\\/2026\\\/03\\\/LASSEMBLAGE-website.png\",\"datePublished\":\"2023-09-12T09:48:43+00:00\",\"dateModified\":\"2024-01-02T16:01:13+00:00\",\"breadcrumb\":{\"@id\":\"https:\\\/\\\/lesvignals.fr\\\/en\\\/produit\\\/lassemblage-braucol-duras-vin-methode-nature\\\/#breadcrumb\"},\"inLanguage\":\"en-US\",\"potentialAction\":[{\"@type\":\"ReadAction\",\"target\":[\"https:\\\/\\\/lesvignals.fr\\\/en\\\/produit\\\/lassemblage-braucol-duras-vin-methode-nature\\\/\"]}]},{\"@type\":\"ImageObject\",\"inLanguage\":\"en-US\",\"@id\":\"https:\\\/\\\/lesvignals.fr\\\/en\\\/produit\\\/lassemblage-braucol-duras-vin-methode-nature\\\/#primaryimage\",\"url\":\"https:\\\/\\\/lesvignals.fr\\\/wp-content\\\/uploads\\\/2026\\\/03\\\/LASSEMBLAGE-website.png\",\"contentUrl\":\"https:\\\/\\\/lesvignals.fr\\\/wp-content\\\/uploads\\\/2026\\\/03\\\/LASSEMBLAGE-website.png\",\"width\":1080,\"height\":1080},{\"@type\":\"BreadcrumbList\",\"@id\":\"https:\\\/\\\/lesvignals.fr\\\/en\\\/produit\\\/lassemblage-braucol-duras-vin-methode-nature\\\/#breadcrumb\",\"itemListElement\":[{\"@type\":\"ListItem\",\"position\":1,\"name\":\"Accueil\",\"item\":\"https:\\\/\\\/lesvignals.fr\\\/en\\\/home\\\/\"},{\"@type\":\"ListItem\",\"position\":2,\"name\":\"Online Shop\",\"item\":\"https:\\\/\\\/lesvignals.fr\\\/en\\\/online-shop\\\/\"},{\"@type\":\"ListItem\",\"position\":3,\"name\":\"L&#8217;Assemblage Braucol-Duras, &#8220;Vin M\u00e9thode Nature&#8221;\"}]},{\"@type\":\"WebSite\",\"@id\":\"https:\\\/\\\/lesvignals.fr\\\/en\\\/#website\",\"url\":\"https:\\\/\\\/lesvignals.fr\\\/en\\\/\",\"name\":\"Ch\u00e2teau Les Vignals\",\"description\":\"Agitateurs de raisins | Vins de GAILLAC\",\"publisher\":{\"@id\":\"https:\\\/\\\/lesvignals.fr\\\/en\\\/#organization\"},\"potentialAction\":[{\"@type\":\"SearchAction\",\"target\":{\"@type\":\"EntryPoint\",\"urlTemplate\":\"https:\\\/\\\/lesvignals.fr\\\/en\\\/?s={search_term_string}\"},\"query-input\":{\"@type\":\"PropertyValueSpecification\",\"valueRequired\":true,\"valueName\":\"search_term_string\"}}],\"inLanguage\":\"en-US\"},{\"@type\":\"Organization\",\"@id\":\"https:\\\/\\\/lesvignals.fr\\\/en\\\/#organization\",\"name\":\"Ch\u00e2teau Les Vignals\",\"url\":\"https:\\\/\\\/lesvignals.fr\\\/en\\\/\",\"logo\":{\"@type\":\"ImageObject\",\"inLanguage\":\"en-US\",\"@id\":\"https:\\\/\\\/lesvignals.fr\\\/en\\\/#\\\/schema\\\/logo\\\/image\\\/\",\"url\":\"https:\\\/\\\/lesvignals.fr\\\/wp-content\\\/uploads\\\/2019\\\/12\\\/LOGO-VIGNALS.png\",\"contentUrl\":\"https:\\\/\\\/lesvignals.fr\\\/wp-content\\\/uploads\\\/2019\\\/12\\\/LOGO-VIGNALS.png\",\"width\":400,\"height\":260,\"caption\":\"Ch\u00e2teau Les Vignals\"},\"image\":{\"@id\":\"https:\\\/\\\/lesvignals.fr\\\/en\\\/#\\\/schema\\\/logo\\\/image\\\/\"}}]}<\/script>\n<!-- \/ Yoast SEO plugin. -->","yoast_head_json":{"title":"L'Assemblage Braucol-Duras, \"Vin M\u00e9thode Nature\" - Ch\u00e2teau Les Vignals","robots":{"index":"index","follow":"follow","max-snippet":"max-snippet:-1","max-image-preview":"max-image-preview:large","max-video-preview":"max-video-preview:-1"},"canonical":"https:\/\/lesvignals.fr\/en\/produit\/lassemblage-braucol-duras-vin-methode-nature\/","og_locale":"en_US","og_type":"article","og_title":"L'Assemblage Braucol-Duras, \"Vin M\u00e9thode Nature\" - Ch\u00e2teau Les Vignals","og_description":"Vin labellis\u00e9 \"M\u00e9thode Nature\", sans soufre ajout\u00e9. D\u00e9gustation : au nez tout comme en bouche, le fruit est intense et fonc\u00e9, avec une sensation de canneberges et myrtilles confitur\u00e9es, le tout \u00e9quilibr\u00e9 par des notes menthol\u00e9es l\u00e9g\u00e8rement fum\u00e9es.  Food pairing: En \u00e9t\u00e9, parfait avec un barbecue, \u00e0 servir l\u00e9g\u00e8rement frais. Il accompagnera id\u00e9alement carpaccio de b\u0153uf au parmesan, tataki de thon ou encore salade de quinoa aux asperges vertes. &nbsp; &nbsp; 2.15.0.0 2.15.0.0 2.15.0.0 2.15.0.0 2.15.0.0","og_url":"https:\/\/lesvignals.fr\/en\/produit\/lassemblage-braucol-duras-vin-methode-nature\/","og_site_name":"Ch\u00e2teau Les Vignals","article_modified_time":"2024-01-02T16:01:13+00:00","og_image":[{"width":1080,"height":1080,"url":"https:\/\/lesvignals.fr\/wp-content\/uploads\/2023\/09\/LASSEMBLAGE-website.png","type":"image\/png"}],"twitter_card":"summary_large_image","twitter_misc":{"Est. reading time":"1 minute"},"schema":{"@context":"https:\/\/schema.org","@graph":[{"@type":"WebPage","@id":"https:\/\/lesvignals.fr\/en\/produit\/lassemblage-braucol-duras-vin-methode-nature\/","url":"https:\/\/lesvignals.fr\/en\/produit\/lassemblage-braucol-duras-vin-methode-nature\/","name":"L'Assemblage Braucol-Duras, \"Vin M\u00e9thode Nature\" - Ch\u00e2teau Les Vignals","isPartOf":{"@id":"https:\/\/lesvignals.fr\/en\/#website"},"primaryImageOfPage":{"@id":"https:\/\/lesvignals.fr\/en\/produit\/lassemblage-braucol-duras-vin-methode-nature\/#primaryimage"},"image":{"@id":"https:\/\/lesvignals.fr\/en\/produit\/lassemblage-braucol-duras-vin-methode-nature\/#primaryimage"},"thumbnailUrl":"https:\/\/lesvignals.fr\/wp-content\/uploads\/2026\/03\/LASSEMBLAGE-website.png","datePublished":"2023-09-12T09:48:43+00:00","dateModified":"2024-01-02T16:01:13+00:00","breadcrumb":{"@id":"https:\/\/lesvignals.fr\/en\/produit\/lassemblage-braucol-duras-vin-methode-nature\/#breadcrumb"},"inLanguage":"en-US","potentialAction":[{"@type":"ReadAction","target":["https:\/\/lesvignals.fr\/en\/produit\/lassemblage-braucol-duras-vin-methode-nature\/"]}]},{"@type":"ImageObject","inLanguage":"en-US","@id":"https:\/\/lesvignals.fr\/en\/produit\/lassemblage-braucol-duras-vin-methode-nature\/#primaryimage","url":"https:\/\/lesvignals.fr\/wp-content\/uploads\/2026\/03\/LASSEMBLAGE-website.png","contentUrl":"https:\/\/lesvignals.fr\/wp-content\/uploads\/2026\/03\/LASSEMBLAGE-website.png","width":1080,"height":1080},{"@type":"BreadcrumbList","@id":"https:\/\/lesvignals.fr\/en\/produit\/lassemblage-braucol-duras-vin-methode-nature\/#breadcrumb","itemListElement":[{"@type":"ListItem","position":1,"name":"Accueil","item":"https:\/\/lesvignals.fr\/en\/home\/"},{"@type":"ListItem","position":2,"name":"Online Shop","item":"https:\/\/lesvignals.fr\/en\/online-shop\/"},{"@type":"ListItem","position":3,"name":"L&#8217;Assemblage Braucol-Duras, &#8220;Vin M\u00e9thode Nature&#8221;"}]},{"@type":"WebSite","@id":"https:\/\/lesvignals.fr\/en\/#website","url":"https:\/\/lesvignals.fr\/en\/","name":"Ch\u00e2teau Les Vignals","description":"Agitateurs de raisins | Vins de GAILLAC","publisher":{"@id":"https:\/\/lesvignals.fr\/en\/#organization"},"potentialAction":[{"@type":"SearchAction","target":{"@type":"EntryPoint","urlTemplate":"https:\/\/lesvignals.fr\/en\/?s={search_term_string}"},"query-input":{"@type":"PropertyValueSpecification","valueRequired":true,"valueName":"search_term_string"}}],"inLanguage":"en-US"},{"@type":"Organization","@id":"https:\/\/lesvignals.fr\/en\/#organization","name":"Ch\u00e2teau Les Vignals","url":"https:\/\/lesvignals.fr\/en\/","logo":{"@type":"ImageObject","inLanguage":"en-US","@id":"https:\/\/lesvignals.fr\/en\/#\/schema\/logo\/image\/","url":"https:\/\/lesvignals.fr\/wp-content\/uploads\/2019\/12\/LOGO-VIGNALS.png","contentUrl":"https:\/\/lesvignals.fr\/wp-content\/uploads\/2019\/12\/LOGO-VIGNALS.png","width":400,"height":260,"caption":"Ch\u00e2teau Les Vignals"},"image":{"@id":"https:\/\/lesvignals.fr\/en\/#\/schema\/logo\/image\/"}}]}},"_links":{"self":[{"href":"https:\/\/lesvignals.fr\/en\/wp-json\/wp\/v2\/product\/18390","targetHints":{"allow":["GET"]}}],"collection":[{"href":"https:\/\/lesvignals.fr\/en\/wp-json\/wp\/v2\/product"}],"about":[{"href":"https:\/\/lesvignals.fr\/en\/wp-json\/wp\/v2\/types\/product"}],"replies":[{"embeddable":true,"href":"https:\/\/lesvignals.fr\/en\/wp-json\/wp\/v2\/comments?post=18390"}],"wp:featuredmedia":[{"embeddable":true,"href":"https:\/\/lesvignals.fr\/en\/wp-json\/wp\/v2\/media\/21531"}],"wp:attachment":[{"href":"https:\/\/lesvignals.fr\/en\/wp-json\/wp\/v2\/media?parent=18390"}],"wp:term":[{"taxonomy":"product_brand","embeddable":true,"href":"https:\/\/lesvignals.fr\/en\/wp-json\/wp\/v2\/product_brand?post=18390"},{"taxonomy":"product_cat","embeddable":true,"href":"https:\/\/lesvignals.fr\/en\/wp-json\/wp\/v2\/product_cat?post=18390"},{"taxonomy":"product_tag","embeddable":true,"href":"https:\/\/lesvignals.fr\/en\/wp-json\/wp\/v2\/product_tag?post=18390"}],"curies":[{"name":"wp","href":"https:\/\/api.w.org\/{rel}","templated":true}]}}