{"id":15550,"date":"2021-08-24T10:51:46","date_gmt":"2021-08-24T08:51:46","guid":{"rendered":"https:\/\/lesvignals.fr\/kontakt\/"},"modified":"2026-02-20T14:20:53","modified_gmt":"2026-02-20T13:20:53","slug":"kontakt","status":"publish","type":"page","link":"https:\/\/lesvignals.fr\/de\/kontakt\/","title":{"rendered":"Kontakt"},"content":{"rendered":"<div class=\"et_pb_section_0 et_pb_section et_section_regular et_block_section img-header-background\"><div class=\"et_pb_row_0 et_pb_row et_block_row\"><div class=\"et_pb_column_0 et_pb_column et_pb_column_4_4 et-last-child et_block_column et_pb_css_mix_blend_mode_passthrough\"><div class=\"et_pb_text_0 et_pb_text et_pb_bg_layout_light et_animated et_pb_module et_block_module preset--module--divi-text--default\"><div class=\"et_pb_text_inner\"><p>Les Vignals<\/p>\n<\/div><\/div><div class=\"et_pb_text_1 et_pb_text et_pb_bg_layout_light et_animated et_pb_module et_block_module preset--module--divi-text--default\"><div class=\"et_pb_text_inner\"><p>kontaktieren<\/p>\n<\/div><\/div><\/div><\/div><\/div><div class=\"et_pb_section_1 et_pb_section et_section_regular et_block_section bloc_nav_a_propos\"><div class=\"et_pb_row_1 et_pb_row et_block_row\"><div class=\"et_pb_column_1 et_pb_column et_pb_column_4_4 et-last-child et_block_column et_pb_css_mix_blend_mode_passthrough\"><div class=\"et_pb_divider_0 et_pb_divider et_pb_space et_pb_divider_position_bottom et_pb_module\"><div class=\"et_pb_divider_internal\"><\/div><\/div><\/div><\/div><div class=\"et_pb_row_2 et_pb_row et_block_row nav_a_propos\"><div class=\"et_pb_column_2 et_pb_column et_pb_column_4_4 et-last-child et_block_column et_pb_css_mix_blend_mode_passthrough\"><div class=\"et_pb_text_2 et_pb_text et_pb_bg_layout_light et_pb_module et_block_module preset--module--divi-text--default\"><div class=\"et_pb_text_inner\"><p>So erreichen Sie uns<\/p>\n<\/div><\/div><\/div><\/div><div class=\"et_pb_row_3 et_pb_row et_block_row cards_a_propos\"><div class=\"et_pb_column_3 et_pb_column et_pb_column_1_3 et_block_column et_pb_css_mix_blend_mode_passthrough\"><div class=\"et_pb_code_0 et_pb_code et_pb_module\"><div class=\"et_pb_code_inner\"><section class=\"card-contact\">\n\t<div class=\"bloc-icon\">\n    <i class=\"fas fa-phone\"><\/i>\n  <\/div>\n  <div class=\"bloc-text-contact\">\n    <h6 class=\"title-text-contact\">Rufen Sie uns an<\/h6>\n    <p class=\"text-contact\">\n Telefon :<br>+33 5 63 55 41 53\n\t\t<\/p>\n  <\/div>\n<\/section><\/div><\/div><\/div><div class=\"et_pb_column_4 et_pb_column et_pb_column_1_3 et_block_column et_pb_css_mix_blend_mode_passthrough\"><div class=\"et_pb_code_1 et_pb_code et_pb_module\"><div class=\"et_pb_code_inner\"><section class=\"card-contact\">\n\t<div class=\"bloc-icon\">\n    <i class=\"far fa-envelope icon-contact\"><\/i>\n  <\/div>\n  <div class=\"bloc-text-contact\">\n    <h6 class=\"title-text-contact\">Schreiben Sie uns<\/h6>\n    <p class=\"text-contact\">\n Per E-Mail :<br>contact@lesvignals.fr\n\t\t<\/p>\n  <\/div>\n<\/section><\/div><\/div><\/div><div class=\"et_pb_column_5 et_pb_column et_pb_column_1_3 et-last-child et_block_column et_pb_css_mix_blend_mode_passthrough\"><div class=\"et_pb_code_2 et_pb_code et_pb_module\"><div class=\"et_pb_code_inner\"><section class=\"card-contact\">\n\t<div class=\"bloc-icon\">\n    <i class=\"fas fa-map-marker-alt\"><\/i>\n  <\/div>\n  <div class=\"bloc-text-contact\">\n    <h6 class=\"title-text-contact\">Besuchen Sie uns auf dem Weingut<\/h6>\n    <p class=\"text-contact\">\n Ch\u00e2teau Les Vignals<br>\n81150 Cestayrols\n\t\t<\/p>\n  <\/div>\n<\/section><\/div><\/div><\/div><\/div><div class=\"et_pb_row_4 et_pb_row et_block_row nav_a_propos\"><div class=\"et_pb_column_6 et_pb_column et_pb_column_4_4 et-last-child et_block_column et_pb_css_mix_blend_mode_passthrough\"><div class=\"et_pb_text_3 et_pb_text et_pb_bg_layout_light et_pb_module et_block_module preset--module--divi-text--default\"><div class=\"et_pb_text_inner\"><p>Unsere \u00d6ffnungszeiten<\/p>\n<\/div><\/div><div class=\"et_pb_text_4 et_pb_text et_pb_bg_layout_light et_pb_module et_block_module preset--module--divi-text--default\"><div class=\"et_pb_text_inner\"><p>Sie finden uns im Keller von 9.00 bis 13.00 und von 14.00 bis 18.00 Uhr von Dienstag bis Freitag. <br \/>An Feiertagen geschlossen.<\/p>\n<\/div><\/div><\/div><\/div><div class=\"et_pb_row_5 et_pb_row et_block_row\"><div class=\"et_pb_column_7 et_pb_column et_pb_column_4_4 et-last-child et_block_column et_pb_css_mix_blend_mode_passthrough\"><div class=\"et_pb_divider_1 et_pb_divider et_pb_space et_pb_divider_position_bottom et_pb_module\"><div class=\"et_pb_divider_internal\"><\/div><\/div><\/div><\/div><div class=\"et_pb_row_6 et_pb_row et_block_row nav_a_propos\"><div class=\"et_pb_column_8 et_pb_column et_pb_column_4_4 et-last-child et_block_column et_pb_css_mix_blend_mode_passthrough\"><div class=\"et_pb_text_5 et_pb_text et_pb_bg_layout_light et_pb_module et_block_module preset--module--divi-text--default\"><div class=\"et_pb_text_inner\"><p><span style=\"color: #808080;\">Sie m\u00f6chten aus beruflichen Gr\u00fcnden mit uns in Kontakt treten?<\/span><\/p>\n<p><span style=\"color: #808080;\">Schreiben Sie uns eine E-Mail:<\/span> contact@lesvignals.fr<\/p>\n<p><span style=\"color: #808080;\">Oder kontaktieren Sie uns telefonisch unter <strong>+33 6 31<\/strong><strong>08 28 76.<\/strong><\/span><\/p>\n<\/div><\/div><\/div><\/div><\/div><div class=\"et_pb_section_2 et_pb_section et_section_regular et_block_section\"><div class=\"et_pb_row_7 et_pb_row et_block_row\"><div class=\"et_pb_column_9 et_pb_column et_pb_column_4_4 et-last-child et_block_column et_pb_css_mix_blend_mode_passthrough\"><div class=\"et_pb_code_3 et_pb_code et_pb_text_align_center et_pb_module\"><div class=\"et_pb_code_inner\"><iframe src=\"https:\/\/www.google.com\/maps\/embed?pb=!1m18!1m12!1m3!1d11487.627926720326!2d2.001347405739956!3d43.961289803193765!2m3!1f0!2f0!3f0!3m2!1i1024!2i768!4f13.1!3m3!1m2!1s0x12adcf611f1bdb2d%3A0xbdf0cbb137d0d03b!2sCh%C3%A2teau+les+Vignals+SCEA!5e0!3m2!1sfr!2sfr!4v1559577332877!5m2!1sfr!2sfr\" width=\"1230\" height=\"450\" frameborder=\"0\" style=\"border:0\" allowfullscreen=\"\"><\/iframe><\/div><\/div><\/div><\/div><div class=\"et_pb_row_8 et_pb_row et_block_row\"><div class=\"et_pb_column_10 et_pb_column et_pb_column_4_4 et-last-child et_block_column et_pb_css_mix_blend_mode_passthrough\"><div class=\"et_pb_divider_2 et_pb_divider et_pb_space et_pb_divider_position_bottom et_pb_module\"><div class=\"et_pb_divider_internal\"><\/div><\/div><\/div><\/div><\/div>","protected":false},"excerpt":{"rendered":"","protected":false},"author":1,"featured_media":0,"parent":0,"menu_order":7,"comment_status":"open","ping_status":"closed","template":"","meta":{"footnotes":""},"class_list":["post-15550","page","type-page","status-publish","hentry"],"yoast_head":"<!-- This site is optimized with the Yoast SEO plugin v27.1.1 - https:\/\/yoast.com\/product\/yoast-seo-wordpress\/ -->\n<title>Ch\u00e2teau Les Vignals \u2013 Nous contacter | Nos horaires | Infos pratiques<\/title>\n<meta name=\"description\" content=\"Besoin de renseignements ? L&#039;\u00e9quipe des Vignals est \u00e0 votre disposition par mail, par t\u00e9l\u00e9phone ou directement au domaine.\" \/>\n<meta name=\"robots\" content=\"index, follow, max-snippet:-1, max-image-preview:large, max-video-preview:-1\" \/>\n<link rel=\"canonical\" href=\"https:\/\/lesvignals.fr\/de\/kontakt\/\" \/>\n<meta property=\"og:locale\" content=\"de_DE\" \/>\n<meta property=\"og:type\" content=\"article\" \/>\n<meta property=\"og:title\" content=\"Ch\u00e2teau Les Vignals \u2013 Nous contacter | Nos horaires | Infos pratiques\" \/>\n<meta property=\"og:description\" content=\"Besoin de renseignements ? L&#039;\u00e9quipe des Vignals est \u00e0 votre disposition par mail, par t\u00e9l\u00e9phone ou directement au domaine.\" \/>\n<meta property=\"og:url\" content=\"https:\/\/lesvignals.fr\/de\/kontakt\/\" \/>\n<meta property=\"og:site_name\" content=\"Ch\u00e2teau Les Vignals\" \/>\n<meta property=\"article:modified_time\" content=\"2026-02-20T13:20:53+00:00\" \/>\n<meta name=\"twitter:card\" content=\"summary_large_image\" \/>\n<script type=\"application\/ld+json\" class=\"yoast-schema-graph\">{\"@context\":\"https:\/\/schema.org\",\"@graph\":[{\"@type\":\"WebPage\",\"@id\":\"https:\/\/lesvignals.fr\/de\/kontakt\/\",\"url\":\"https:\/\/lesvignals.fr\/de\/kontakt\/\",\"name\":\"Ch\u00e2teau Les Vignals \u2013 Nous contacter | Nos horaires | Infos pratiques\",\"isPartOf\":{\"@id\":\"https:\/\/lesvignals.fr\/de\/#website\"},\"datePublished\":\"2021-08-24T08:51:46+00:00\",\"dateModified\":\"2026-02-20T13:20:53+00:00\",\"description\":\"Besoin de renseignements ? L'\u00e9quipe des Vignals est \u00e0 votre disposition par mail, par t\u00e9l\u00e9phone ou directement au domaine.\",\"breadcrumb\":{\"@id\":\"https:\/\/lesvignals.fr\/de\/kontakt\/#breadcrumb\"},\"inLanguage\":\"de-CH\",\"potentialAction\":[{\"@type\":\"ReadAction\",\"target\":[\"https:\/\/lesvignals.fr\/de\/kontakt\/\"]}]},{\"@type\":\"BreadcrumbList\",\"@id\":\"https:\/\/lesvignals.fr\/de\/kontakt\/#breadcrumb\",\"itemListElement\":[{\"@type\":\"ListItem\",\"position\":1,\"name\":\"Accueil\",\"item\":\"https:\/\/lesvignals.fr\/de\/home\/\"},{\"@type\":\"ListItem\",\"position\":2,\"name\":\"Kontakt\"}]},{\"@type\":\"WebSite\",\"@id\":\"https:\/\/lesvignals.fr\/de\/#website\",\"url\":\"https:\/\/lesvignals.fr\/de\/\",\"name\":\"Ch\u00e2teau Les Vignals\",\"description\":\"Agitateurs de raisins | Vins de GAILLAC\",\"publisher\":{\"@id\":\"https:\/\/lesvignals.fr\/de\/#organization\"},\"potentialAction\":[{\"@type\":\"SearchAction\",\"target\":{\"@type\":\"EntryPoint\",\"urlTemplate\":\"https:\/\/lesvignals.fr\/de\/?s={search_term_string}\"},\"query-input\":{\"@type\":\"PropertyValueSpecification\",\"valueRequired\":true,\"valueName\":\"search_term_string\"}}],\"inLanguage\":\"de-CH\"},{\"@type\":\"Organization\",\"@id\":\"https:\/\/lesvignals.fr\/de\/#organization\",\"name\":\"Ch\u00e2teau Les Vignals\",\"url\":\"https:\/\/lesvignals.fr\/de\/\",\"logo\":{\"@type\":\"ImageObject\",\"inLanguage\":\"de-CH\",\"@id\":\"https:\/\/lesvignals.fr\/de\/#\/schema\/logo\/image\/\",\"url\":\"https:\/\/lesvignals.fr\/wp-content\/uploads\/2019\/12\/LOGO-VIGNALS.png\",\"contentUrl\":\"https:\/\/lesvignals.fr\/wp-content\/uploads\/2019\/12\/LOGO-VIGNALS.png\",\"width\":400,\"height\":260,\"caption\":\"Ch\u00e2teau Les Vignals\"},\"image\":{\"@id\":\"https:\/\/lesvignals.fr\/de\/#\/schema\/logo\/image\/\"}}]}<\/script>\n<!-- \/ Yoast SEO plugin. -->","yoast_head_json":{"title":"Ch\u00e2teau Les Vignals \u2013 Nous contacter | Nos horaires | Infos pratiques","description":"Besoin de renseignements ? L'\u00e9quipe des Vignals est \u00e0 votre disposition par mail, par t\u00e9l\u00e9phone ou directement au domaine.","robots":{"index":"index","follow":"follow","max-snippet":"max-snippet:-1","max-image-preview":"max-image-preview:large","max-video-preview":"max-video-preview:-1"},"canonical":"https:\/\/lesvignals.fr\/de\/kontakt\/","og_locale":"de_DE","og_type":"article","og_title":"Ch\u00e2teau Les Vignals \u2013 Nous contacter | Nos horaires | Infos pratiques","og_description":"Besoin de renseignements ? L'\u00e9quipe des Vignals est \u00e0 votre disposition par mail, par t\u00e9l\u00e9phone ou directement au domaine.","og_url":"https:\/\/lesvignals.fr\/de\/kontakt\/","og_site_name":"Ch\u00e2teau Les Vignals","article_modified_time":"2026-02-20T13:20:53+00:00","twitter_card":"summary_large_image","schema":{"@context":"https:\/\/schema.org","@graph":[{"@type":"WebPage","@id":"https:\/\/lesvignals.fr\/de\/kontakt\/","url":"https:\/\/lesvignals.fr\/de\/kontakt\/","name":"Ch\u00e2teau Les Vignals \u2013 Nous contacter | Nos horaires | Infos pratiques","isPartOf":{"@id":"https:\/\/lesvignals.fr\/de\/#website"},"datePublished":"2021-08-24T08:51:46+00:00","dateModified":"2026-02-20T13:20:53+00:00","description":"Besoin de renseignements ? L'\u00e9quipe des Vignals est \u00e0 votre disposition par mail, par t\u00e9l\u00e9phone ou directement au domaine.","breadcrumb":{"@id":"https:\/\/lesvignals.fr\/de\/kontakt\/#breadcrumb"},"inLanguage":"de-CH","potentialAction":[{"@type":"ReadAction","target":["https:\/\/lesvignals.fr\/de\/kontakt\/"]}]},{"@type":"BreadcrumbList","@id":"https:\/\/lesvignals.fr\/de\/kontakt\/#breadcrumb","itemListElement":[{"@type":"ListItem","position":1,"name":"Accueil","item":"https:\/\/lesvignals.fr\/de\/home\/"},{"@type":"ListItem","position":2,"name":"Kontakt"}]},{"@type":"WebSite","@id":"https:\/\/lesvignals.fr\/de\/#website","url":"https:\/\/lesvignals.fr\/de\/","name":"Ch\u00e2teau Les Vignals","description":"Agitateurs de raisins | Vins de GAILLAC","publisher":{"@id":"https:\/\/lesvignals.fr\/de\/#organization"},"potentialAction":[{"@type":"SearchAction","target":{"@type":"EntryPoint","urlTemplate":"https:\/\/lesvignals.fr\/de\/?s={search_term_string}"},"query-input":{"@type":"PropertyValueSpecification","valueRequired":true,"valueName":"search_term_string"}}],"inLanguage":"de-CH"},{"@type":"Organization","@id":"https:\/\/lesvignals.fr\/de\/#organization","name":"Ch\u00e2teau Les Vignals","url":"https:\/\/lesvignals.fr\/de\/","logo":{"@type":"ImageObject","inLanguage":"de-CH","@id":"https:\/\/lesvignals.fr\/de\/#\/schema\/logo\/image\/","url":"https:\/\/lesvignals.fr\/wp-content\/uploads\/2019\/12\/LOGO-VIGNALS.png","contentUrl":"https:\/\/lesvignals.fr\/wp-content\/uploads\/2019\/12\/LOGO-VIGNALS.png","width":400,"height":260,"caption":"Ch\u00e2teau Les Vignals"},"image":{"@id":"https:\/\/lesvignals.fr\/de\/#\/schema\/logo\/image\/"}}]}},"_links":{"self":[{"href":"https:\/\/lesvignals.fr\/de\/wp-json\/wp\/v2\/pages\/15550","targetHints":{"allow":["GET"]}}],"collection":[{"href":"https:\/\/lesvignals.fr\/de\/wp-json\/wp\/v2\/pages"}],"about":[{"href":"https:\/\/lesvignals.fr\/de\/wp-json\/wp\/v2\/types\/page"}],"author":[{"embeddable":true,"href":"https:\/\/lesvignals.fr\/de\/wp-json\/wp\/v2\/users\/1"}],"replies":[{"embeddable":true,"href":"https:\/\/lesvignals.fr\/de\/wp-json\/wp\/v2\/comments?post=15550"}],"version-history":[{"count":0,"href":"https:\/\/lesvignals.fr\/de\/wp-json\/wp\/v2\/pages\/15550\/revisions"}],"wp:attachment":[{"href":"https:\/\/lesvignals.fr\/de\/wp-json\/wp\/v2\/media?parent=15550"}],"curies":[{"name":"wp","href":"https:\/\/api.w.org\/{rel}","templated":true}]}}