{"id":15494,"date":"2021-08-24T10:37:52","date_gmt":"2021-08-24T08:37:52","guid":{"rendered":"https:\/\/lesvignals.fr\/about-us\/"},"modified":"2026-02-20T14:20:53","modified_gmt":"2026-02-20T13:20:53","slug":"about-us","status":"publish","type":"page","link":"https:\/\/lesvignals.fr\/de\/about-us\/","title":{"rendered":"About us"},"content":{"rendered":"<div class=\"et_pb_section_0 et_pb_section et_section_regular et_block_section img-header-background\"><div class=\"et_pb_row_0 et_pb_row et_block_row\"><div class=\"et_pb_column_0 et_pb_column et_pb_column_4_4 et-last-child et_block_column et_pb_css_mix_blend_mode_passthrough\"><div class=\"et_pb_text_0 et_pb_text et_pb_bg_layout_light et_animated et_pb_module et_block_module preset--module--divi-text--default\"><div class=\"et_pb_text_inner\"><p>LES VIGNALS<\/p>\n<\/div><\/div><div class=\"et_pb_text_1 et_pb_text et_pb_bg_layout_light et_animated et_pb_module et_block_module preset--module--divi-text--default\"><div class=\"et_pb_text_inner\"><p>Unsere Philosophie<\/p>\n<\/div><\/div><\/div><\/div><\/div><div class=\"et_pb_section_1 et_pb_section et_section_regular et_block_section bloc_nav_a_propos\"><div class=\"et_pb_row_1 et_pb_row et_block_row nav_a_propos\"><div class=\"et_pb_column_1 et_pb_column et_pb_column_1_3 et_block_column et_pb_css_mix_blend_mode_passthrough\"><div class=\"et_pb_text_2 et_pb_text et_pb_bg_layout_light et_clickable et_pb_module et_block_module preset--module--divi-text--default\"><div class=\"et_pb_text_inner\"><p>Land der Weine<\/p>\n<\/div><\/div><\/div><div class=\"et_pb_column_2 et_pb_column et_pb_column_1_3 et_block_column et_pb_css_mix_blend_mode_passthrough\"><div class=\"et_pb_text_3 et_pb_text et_pb_bg_layout_light et_clickable et_pb_module et_block_module preset--module--divi-text--default\"><div class=\"et_pb_text_inner\"><p>Die Geschichte<\/p>\n<\/div><\/div><\/div><div class=\"et_pb_column_3 et_pb_column et_pb_column_1_3 et-last-child et_block_column et_pb_css_mix_blend_mode_passthrough\"><div class=\"et_pb_text_4 et_pb_text et_pb_bg_layout_light et_clickable et_pb_module et_block_module preset--module--divi-text--default\"><div class=\"et_pb_text_inner\"><p>Unser Team<\/p>\n<\/div><\/div><\/div><\/div><\/div><div class=\"et_pb_section_2 et_pb_section et_section_regular et_block_section\"><div class=\"et_pb_row_2 et_pb_row et_block_row cards_a_propos\"><div class=\"et_pb_column_4 et_pb_column et_pb_column_2_3 et_block_column et_pb_css_mix_blend_mode_passthrough\"><div class=\"et_pb_image_0 et_pb_image et_pb_module et_block_module\"><span class=\"et_pb_image_wrap\"><img decoding=\"async\" src=\"https:\/\/lesvignals.fr\/wp-content\/uploads\/2019\/12\/DSC_5522elevation-1-ok-copyright-700x350.jpg\" \/><\/span><\/div><\/div><div class=\"et_pb_column_5 et_pb_column et_pb_column_1_3 et-last-child et_block_column et_pb_css_mix_blend_mode_passthrough\"><div class=\"et_pb_text_5 et_pb_text et_pb_bg_layout_dark et_pb_module et_block_module titres-a-propos preset--module--divi-text--default\" id=\"ancre-terre_de_vins\"><div class=\"et_pb_text_inner\"><p>Land der Weine<\/p>\n<\/div><\/div><div class=\"et_pb_text_6 et_pb_text et_pb_bg_layout_light et_pb_module et_block_module textes-a-propos preset--module--divi-text--default\"><div class=\"et_pb_text_inner\"><p>Gaillac und seine Umgebung sind bereits seit der Antike vor \u00fcber 2000 Jahren Weinland. Die Weinberge existierten schon, bevor die Stadt selbst im Jahr 972 entstand. Die Gemeinde Gaillac ist die \u00e4lteste im S\u00fcdwesten Frankreichs. Sie bietet ein reichhaltiges Terroir, vielseitige B\u00f6den und sie wurde 1938 mit dem AOP-Siegel (gesch\u00fctzte Ursprungsbezeichnung) versehen, um die Qualit\u00e4t der Gaillac-Weine sicherzustellen.<\/p>\n<\/div><\/div><\/div><\/div><div class=\"et_pb_row_3 et_pb_row et_block_row cards_a_propos\"><div class=\"et_pb_column_6 et_pb_column et_pb_column_2_3 et_block_column et_pb_css_mix_blend_mode_passthrough\"><div class=\"et_pb_image_1 et_pb_image et_pb_module et_block_module\"><span class=\"et_pb_image_wrap\"><img decoding=\"async\" src=\"https:\/\/lesvignals.fr\/wp-content\/uploads\/2019\/12\/008_Vendanges-700x350.jpg\" \/><\/span><\/div><\/div><div class=\"et_pb_column_7 et_pb_column et_pb_column_1_3 et-last-child et_block_column et_pb_css_mix_blend_mode_passthrough\"><div class=\"et_pb_text_7 et_pb_text et_pb_bg_layout_dark et_pb_module et_block_module titres-a-propos preset--module--divi-text--default\" id=\"ancre-l_histoire\"><div class=\"et_pb_text_inner\"><p>Die Geschichte<\/p>\n<\/div><\/div><div class=\"et_pb_text_8 et_pb_text et_pb_bg_layout_light et_pb_module et_block_module textes-a-propos preset--module--divi-text--default\"><div class=\"et_pb_text_inner\"><p>\n            <span>Das Ch\u00e2teau Les Vignals liegt in Cestayrols im Herzen der Weinregion Gaillac am rechten Flussufer. Es war eines der ersten Weing\u00fcter, das den biologischen Weinbau in den 1980er Jahren begann. Nach einigen Jahren des konventionellen Anbaus besann sich ein neues Team auf die Geschichte von Les Vignals. 2013 erhielt das Gut dann das Siegel f\u00fcr biologischen Anbau.<\/span>\n          <\/p>\n<\/div><\/div><\/div><\/div><div class=\"et_pb_row_4 et_pb_row et_block_row cards_a_propos\"><div class=\"et_pb_column_8 et_pb_column et_pb_column_2_3 et_block_column et_pb_css_mix_blend_mode_passthrough\"><div class=\"et_pb_image_2 et_pb_image et_pb_module et_block_module\"><span class=\"et_pb_image_wrap\"><img decoding=\"async\" src=\"https:\/\/lesvignals.fr\/wp-content\/uploads\/2021\/12\/NK1B4153-scaled.jpg\" width=\"2560\" height=\"1707\" srcset=\"https:\/\/lesvignals.fr\/wp-content\/uploads\/2021\/12\/NK1B4153-scaled.jpg 2560w, https:\/\/lesvignals.fr\/wp-content\/uploads\/2021\/12\/NK1B4153-1280x854.jpg 1280w, https:\/\/lesvignals.fr\/wp-content\/uploads\/2021\/12\/NK1B4153-980x653.jpg 980w, https:\/\/lesvignals.fr\/wp-content\/uploads\/2021\/12\/NK1B4153-480x320.jpg 480w\" sizes=\"(min-width: 0px) and (max-width: 480px) 480px, (min-width: 481px) and (max-width: 980px) 980px, (min-width: 981px) and (max-width: 1280px) 1280px, (min-width: 1281px) 2560px, 100vw\" class=\"wp-image-16280\" title=\"NK1B4153\" \/><\/span><\/div><\/div><div class=\"et_pb_column_9 et_pb_column et_pb_column_1_3 et-last-child et_block_column et_pb_css_mix_blend_mode_passthrough\"><div class=\"et_pb_text_9 et_pb_text et_pb_bg_layout_light et_pb_module et_block_module textes-a-propos preset--module--divi-text--default\"><div class=\"et_pb_text_inner\"><p>\n            <span>Les Vignals hat drei Grunds\u00e4tze: das Terroir respektieren, die Menschen respektieren, die im Weinbau arbeiten, und ein Verm\u00e4chtnis der Expertise im Weinbau hinterlassen. Da wir das Land, in dem wir leben, lieben, arbeiten wir haupts\u00e4chlich mit lokalen Rebsorten wie Braucol, Duras, Mauzac oder Loin-de-l\u2019\u0153il. Diese erlauben es uns, grossartige Weine mit individueller Note zu produzieren und gleichzeitig Vorgaben des Weinbaus einzuhalten. <\/span><br \/>\n            <a id=\"bloc3\"><\/a><br \/>\n            <span>Wir arbeiten in unseren Produkten mit der gesch\u00fctzten Urspungsbezeichnung Gaillac und der gesch\u00fctzten geografischen Angabe C\u00f4tes-du-Tarn, um eine breite Vielfalt von Weinen anbieten zu k\u00f6nnen.<\/span>\n          <\/p>\n<\/div><\/div><\/div><\/div><\/div><div class=\"et_pb_section_3 et_pb_section et_section_regular et_block_section\"><div class=\"et_pb_row_5 et_pb_row et_block_row\"><div class=\"et_pb_column_10 et_pb_column et_pb_column_4_4 et-last-child et_block_column et_pb_css_mix_blend_mode_passthrough\"><div class=\"et_pb_text_10 et_pb_text et_pb_bg_layout_light et_pb_module et_block_module titre-notre-equipe preset--module--divi-text--default\" id=\"ancre-notre_equipe\"><div class=\"et_pb_text_inner\"><p>Unser Team<\/p>\n<\/div><\/div><\/div><\/div><div class=\"et_pb_row_6 et_pb_row et_block_row bloc-cards-notre-equipe\"><div class=\"et_pb_column_11 et_pb_column et_pb_column_1_3 et_block_column et_pb_css_mix_blend_mode_passthrough\"><\/div><div class=\"et_pb_column_12 et_pb_column et_pb_column_1_3 et_block_column et_pb_column_empty et_pb_css_mix_blend_mode_passthrough\"><\/div><div class=\"et_pb_column_13 et_pb_column et_pb_column_1_3 et-last-child et_block_column et_pb_column_empty et_pb_css_mix_blend_mode_passthrough\"><\/div><\/div><div class=\"et_pb_row_7 et_pb_row et_block_row bloc-cards-notre-equipe\"><div class=\"et_pb_column_14 et_pb_column et_pb_column_1_3 et_block_column et_pb_css_mix_blend_mode_passthrough\"><\/div><div class=\"et_pb_column_15 et_pb_column et_pb_column_1_3 et_block_column et_pb_column_empty et_pb_css_mix_blend_mode_passthrough\"><\/div><div class=\"et_pb_column_16 et_pb_column et_pb_column_1_3 et-last-child et_block_column et_pb_css_mix_blend_mode_passthrough\"><div class=\"et_pb_team_member_2 et_pb_team_member et_pb_bg_layout_light et_pb_text_align_justified et_pb_module et_flex_module cards-notre-equipe\" id=\"1\"><div class=\"et_pb_team_member_image et-waypoint et_pb_animation_off\"><img decoding=\"async\" src=\"https:\/\/lesvignals.fr\/wp-content\/uploads\/2018\/01\/equipe-des-vignals-marie-christine-boutique-administration.jpg\" alt=\"Marie-Christine: ausgeglichen und sanft\" width=\"330\" height=\"220\" srcset=\"https:\/\/lesvignals.fr\/wp-content\/uploads\/2018\/01\/equipe-des-vignals-marie-christine-boutique-administration.jpg 330w, https:\/\/lesvignals.fr\/wp-content\/uploads\/2018\/01\/equipe-des-vignals-marie-christine-boutique-administration-300x200.jpg 300w\" sizes=\"(max-width: 330px) 100vw, 330px\" class=\"wp-image-11202\" \/><\/div><div class=\"et_pb_team_member_description\"><h4 class=\"et_pb_module_header\">Marie-Christine: ausgeglichen und sanft<\/h4><p class=\"et_pb_member_position\">Laden und B\u00fcro<\/p><div class=\"et_pb_team_member_description_content\"><p>\n            <span>Sie ist normalerweise inmitten von Papierstapeln oder an ihrem Computer zu finden, wo sie ganz und gar in ihrer Arbeit aufgeht. Doch sie kann auch ihren Schreibtisch hinter sich lassen und Ihnen im Weinkeller mit ihrer nat\u00fcrlich ruhigen Art ein Glas Wein servieren.<\/span>\n          <\/p>\n<\/div><\/div><\/div><\/div><\/div><div class=\"et_pb_row_8 et_pb_row et_block_row bloc-cards-notre-equipe\"><div class=\"et_pb_column_17 et_pb_column et_pb_column_1_3 et_block_column et_pb_column_empty et_pb_css_mix_blend_mode_passthrough\"><\/div><div class=\"et_pb_column_18 et_pb_column et_pb_column_1_3 et_block_column et_pb_css_mix_blend_mode_passthrough\"><div class=\"et_pb_team_member_3 et_pb_team_member et_pb_bg_layout_light et_pb_text_align_justified et_pb_module et_flex_module cards-notre-equipe\" id=\"1\"><div class=\"et_pb_team_member_image et-waypoint et_pb_animation_off\"><img decoding=\"async\" src=\"https:\/\/lesvignals.fr\/wp-content\/uploads\/2018\/01\/equipe-des-vignals-jean-pierre-la-vigne.jpg\" alt=\"Jean-Pierre: die gesamte Palette leichter Aromen mit einem weichen Abgang\" width=\"330\" height=\"220\" srcset=\"https:\/\/lesvignals.fr\/wp-content\/uploads\/2018\/01\/equipe-des-vignals-jean-pierre-la-vigne.jpg 330w, https:\/\/lesvignals.fr\/wp-content\/uploads\/2018\/01\/equipe-des-vignals-jean-pierre-la-vigne-300x200.jpg 300w\" sizes=\"(max-width: 330px) 100vw, 330px\" class=\"wp-image-11131\" \/><\/div><div class=\"et_pb_team_member_description\"><h4 class=\"et_pb_module_header\">Jean-Pierre: die gesamte Palette leichter Aromen mit einem weichen Abgang<\/h4><p class=\"et_pb_member_position\">In den Weinbergen<\/p><div class=\"et_pb_team_member_description_content\"><p>Er ist recht zur\u00fcckhaltend. Er kommt von hier und kennt diesen Ort in- und auswendig. Die Gaillac-Rebsorten sind seine Spezialit\u00e4t! Dieser leidenschaftliche Naturliebhaber kennt die Bed\u00fcrfnisse der Rebst\u00f6cke am allerbesten.<\/p>\n<\/div><\/div><\/div><\/div><div class=\"et_pb_column_19 et_pb_column et_pb_column_1_3 et-last-child et_block_column et_pb_css_mix_blend_mode_passthrough\"><div class=\"et_pb_team_member_4 et_pb_team_member et_pb_bg_layout_light et_pb_text_align_justified et_pb_module et_flex_module cards-notre-equipe\" id=\"1\"><div class=\"et_pb_team_member_image et-waypoint et_pb_animation_off\"><img decoding=\"async\" src=\"https:\/\/lesvignals.fr\/wp-content\/uploads\/2018\/01\/equipe-des-vignals-antoine-la-vigne.jpg\" alt=\"Antoine: Stark und robust mit einer soliden Struktur\" width=\"330\" height=\"220\" srcset=\"https:\/\/lesvignals.fr\/wp-content\/uploads\/2018\/01\/equipe-des-vignals-antoine-la-vigne.jpg 330w, https:\/\/lesvignals.fr\/wp-content\/uploads\/2018\/01\/equipe-des-vignals-antoine-la-vigne-300x200.jpg 300w\" sizes=\"(max-width: 330px) 100vw, 330px\" class=\"wp-image-11127\" \/><\/div><div class=\"et_pb_team_member_description\"><h4 class=\"et_pb_module_header\">Antoine: Stark und robust mit einer soliden Struktur<\/h4><p class=\"et_pb_member_position\">In den Weinbergen<\/p><div class=\"et_pb_team_member_description_content\"><p>\n            <span>Er ist der \u00c4lteste in den Weinbergen. Er hat sein Leben zwischen den Rebst\u00f6cken verbracht und weiss alles \u00fcber sie. Er weiss ganz genau, was wann zu tun ist. Er sp\u00fcrt und versteht den Wein wie kein anderer. Er stellt im Grunde die Kommunikation zwischen uns und den Reben her.<\/span>\n          <\/p>\n<\/div><\/div><\/div><\/div><\/div><\/div>","protected":false},"excerpt":{"rendered":"","protected":false},"author":1,"featured_media":0,"parent":0,"menu_order":1,"comment_status":"closed","ping_status":"closed","template":"","meta":{"footnotes":""},"class_list":["post-15494","page","type-page","status-publish","hentry"],"yoast_head":"<!-- This site is optimized with the Yoast SEO plugin v27.3 - https:\/\/yoast.com\/product\/yoast-seo-wordpress\/ -->\n<title>Ch\u00e2teau Les Vignals \u2013 Vignoble de Gaillac engag\u00e9 bio, vins de qualit\u00e9<\/title>\n<meta name=\"description\" content=\"Les Vignals est un vignoble des terres de Gaillac, travaill\u00e9 par des hommes engag\u00e9s \u00e0 produire des vins bio de qualit\u00e9 dans le respect de la Nature.\" \/>\n<meta name=\"robots\" content=\"index, follow, max-snippet:-1, max-image-preview:large, max-video-preview:-1\" \/>\n<link rel=\"canonical\" href=\"https:\/\/lesvignals.fr\/de\/about-us\/\" \/>\n<meta property=\"og:locale\" content=\"de_DE\" \/>\n<meta property=\"og:type\" content=\"article\" \/>\n<meta property=\"og:title\" content=\"Ch\u00e2teau Les Vignals \u2013 Vignoble de Gaillac engag\u00e9 bio, vins de qualit\u00e9\" \/>\n<meta property=\"og:description\" content=\"Les Vignals est un vignoble des terres de Gaillac, travaill\u00e9 par des hommes engag\u00e9s \u00e0 produire des vins bio de qualit\u00e9 dans le respect de la Nature.\" \/>\n<meta property=\"og:url\" content=\"https:\/\/lesvignals.fr\/de\/about-us\/\" \/>\n<meta property=\"og:site_name\" content=\"Ch\u00e2teau Les Vignals\" \/>\n<meta property=\"article:modified_time\" content=\"2026-02-20T13:20:53+00:00\" \/>\n<meta name=\"twitter:card\" content=\"summary_large_image\" \/>\n<script type=\"application\/ld+json\" class=\"yoast-schema-graph\">{\"@context\":\"https:\\\/\\\/schema.org\",\"@graph\":[{\"@type\":\"WebPage\",\"@id\":\"https:\\\/\\\/lesvignals.fr\\\/de\\\/about-us\\\/\",\"url\":\"https:\\\/\\\/lesvignals.fr\\\/de\\\/about-us\\\/\",\"name\":\"Ch\u00e2teau Les Vignals \u2013 Vignoble de Gaillac engag\u00e9 bio, vins de qualit\u00e9\",\"isPartOf\":{\"@id\":\"https:\\\/\\\/lesvignals.fr\\\/de\\\/#website\"},\"datePublished\":\"2021-08-24T08:37:52+00:00\",\"dateModified\":\"2026-02-20T13:20:53+00:00\",\"description\":\"Les Vignals est un vignoble des terres de Gaillac, travaill\u00e9 par des hommes engag\u00e9s \u00e0 produire des vins bio de qualit\u00e9 dans le respect de la Nature.\",\"breadcrumb\":{\"@id\":\"https:\\\/\\\/lesvignals.fr\\\/de\\\/about-us\\\/#breadcrumb\"},\"inLanguage\":\"de-CH\",\"potentialAction\":[{\"@type\":\"ReadAction\",\"target\":[\"https:\\\/\\\/lesvignals.fr\\\/de\\\/about-us\\\/\"]}]},{\"@type\":\"BreadcrumbList\",\"@id\":\"https:\\\/\\\/lesvignals.fr\\\/de\\\/about-us\\\/#breadcrumb\",\"itemListElement\":[{\"@type\":\"ListItem\",\"position\":1,\"name\":\"Accueil\",\"item\":\"https:\\\/\\\/lesvignals.fr\\\/de\\\/home\\\/\"},{\"@type\":\"ListItem\",\"position\":2,\"name\":\"About us\"}]},{\"@type\":\"WebSite\",\"@id\":\"https:\\\/\\\/lesvignals.fr\\\/de\\\/#website\",\"url\":\"https:\\\/\\\/lesvignals.fr\\\/de\\\/\",\"name\":\"Ch\u00e2teau Les Vignals\",\"description\":\"Agitateurs de raisins | Vins de GAILLAC\",\"publisher\":{\"@id\":\"https:\\\/\\\/lesvignals.fr\\\/de\\\/#organization\"},\"potentialAction\":[{\"@type\":\"SearchAction\",\"target\":{\"@type\":\"EntryPoint\",\"urlTemplate\":\"https:\\\/\\\/lesvignals.fr\\\/de\\\/?s={search_term_string}\"},\"query-input\":{\"@type\":\"PropertyValueSpecification\",\"valueRequired\":true,\"valueName\":\"search_term_string\"}}],\"inLanguage\":\"de-CH\"},{\"@type\":\"Organization\",\"@id\":\"https:\\\/\\\/lesvignals.fr\\\/de\\\/#organization\",\"name\":\"Ch\u00e2teau Les Vignals\",\"url\":\"https:\\\/\\\/lesvignals.fr\\\/de\\\/\",\"logo\":{\"@type\":\"ImageObject\",\"inLanguage\":\"de-CH\",\"@id\":\"https:\\\/\\\/lesvignals.fr\\\/de\\\/#\\\/schema\\\/logo\\\/image\\\/\",\"url\":\"https:\\\/\\\/lesvignals.fr\\\/wp-content\\\/uploads\\\/2019\\\/12\\\/LOGO-VIGNALS.png\",\"contentUrl\":\"https:\\\/\\\/lesvignals.fr\\\/wp-content\\\/uploads\\\/2019\\\/12\\\/LOGO-VIGNALS.png\",\"width\":400,\"height\":260,\"caption\":\"Ch\u00e2teau Les Vignals\"},\"image\":{\"@id\":\"https:\\\/\\\/lesvignals.fr\\\/de\\\/#\\\/schema\\\/logo\\\/image\\\/\"}}]}<\/script>\n<!-- \/ Yoast SEO plugin. -->","yoast_head_json":{"title":"Ch\u00e2teau Les Vignals \u2013 Vignoble de Gaillac engag\u00e9 bio, vins de qualit\u00e9","description":"Les Vignals est un vignoble des terres de Gaillac, travaill\u00e9 par des hommes engag\u00e9s \u00e0 produire des vins bio de qualit\u00e9 dans le respect de la Nature.","robots":{"index":"index","follow":"follow","max-snippet":"max-snippet:-1","max-image-preview":"max-image-preview:large","max-video-preview":"max-video-preview:-1"},"canonical":"https:\/\/lesvignals.fr\/de\/about-us\/","og_locale":"de_DE","og_type":"article","og_title":"Ch\u00e2teau Les Vignals \u2013 Vignoble de Gaillac engag\u00e9 bio, vins de qualit\u00e9","og_description":"Les Vignals est un vignoble des terres de Gaillac, travaill\u00e9 par des hommes engag\u00e9s \u00e0 produire des vins bio de qualit\u00e9 dans le respect de la Nature.","og_url":"https:\/\/lesvignals.fr\/de\/about-us\/","og_site_name":"Ch\u00e2teau Les Vignals","article_modified_time":"2026-02-20T13:20:53+00:00","twitter_card":"summary_large_image","schema":{"@context":"https:\/\/schema.org","@graph":[{"@type":"WebPage","@id":"https:\/\/lesvignals.fr\/de\/about-us\/","url":"https:\/\/lesvignals.fr\/de\/about-us\/","name":"Ch\u00e2teau Les Vignals \u2013 Vignoble de Gaillac engag\u00e9 bio, vins de qualit\u00e9","isPartOf":{"@id":"https:\/\/lesvignals.fr\/de\/#website"},"datePublished":"2021-08-24T08:37:52+00:00","dateModified":"2026-02-20T13:20:53+00:00","description":"Les Vignals est un vignoble des terres de Gaillac, travaill\u00e9 par des hommes engag\u00e9s \u00e0 produire des vins bio de qualit\u00e9 dans le respect de la Nature.","breadcrumb":{"@id":"https:\/\/lesvignals.fr\/de\/about-us\/#breadcrumb"},"inLanguage":"de-CH","potentialAction":[{"@type":"ReadAction","target":["https:\/\/lesvignals.fr\/de\/about-us\/"]}]},{"@type":"BreadcrumbList","@id":"https:\/\/lesvignals.fr\/de\/about-us\/#breadcrumb","itemListElement":[{"@type":"ListItem","position":1,"name":"Accueil","item":"https:\/\/lesvignals.fr\/de\/home\/"},{"@type":"ListItem","position":2,"name":"About us"}]},{"@type":"WebSite","@id":"https:\/\/lesvignals.fr\/de\/#website","url":"https:\/\/lesvignals.fr\/de\/","name":"Ch\u00e2teau Les Vignals","description":"Agitateurs de raisins | Vins de GAILLAC","publisher":{"@id":"https:\/\/lesvignals.fr\/de\/#organization"},"potentialAction":[{"@type":"SearchAction","target":{"@type":"EntryPoint","urlTemplate":"https:\/\/lesvignals.fr\/de\/?s={search_term_string}"},"query-input":{"@type":"PropertyValueSpecification","valueRequired":true,"valueName":"search_term_string"}}],"inLanguage":"de-CH"},{"@type":"Organization","@id":"https:\/\/lesvignals.fr\/de\/#organization","name":"Ch\u00e2teau Les Vignals","url":"https:\/\/lesvignals.fr\/de\/","logo":{"@type":"ImageObject","inLanguage":"de-CH","@id":"https:\/\/lesvignals.fr\/de\/#\/schema\/logo\/image\/","url":"https:\/\/lesvignals.fr\/wp-content\/uploads\/2019\/12\/LOGO-VIGNALS.png","contentUrl":"https:\/\/lesvignals.fr\/wp-content\/uploads\/2019\/12\/LOGO-VIGNALS.png","width":400,"height":260,"caption":"Ch\u00e2teau Les Vignals"},"image":{"@id":"https:\/\/lesvignals.fr\/de\/#\/schema\/logo\/image\/"}}]}},"_links":{"self":[{"href":"https:\/\/lesvignals.fr\/de\/wp-json\/wp\/v2\/pages\/15494","targetHints":{"allow":["GET"]}}],"collection":[{"href":"https:\/\/lesvignals.fr\/de\/wp-json\/wp\/v2\/pages"}],"about":[{"href":"https:\/\/lesvignals.fr\/de\/wp-json\/wp\/v2\/types\/page"}],"author":[{"embeddable":true,"href":"https:\/\/lesvignals.fr\/de\/wp-json\/wp\/v2\/users\/1"}],"replies":[{"embeddable":true,"href":"https:\/\/lesvignals.fr\/de\/wp-json\/wp\/v2\/comments?post=15494"}],"version-history":[{"count":0,"href":"https:\/\/lesvignals.fr\/de\/wp-json\/wp\/v2\/pages\/15494\/revisions"}],"wp:attachment":[{"href":"https:\/\/lesvignals.fr\/de\/wp-json\/wp\/v2\/media?parent=15494"}],"curies":[{"name":"wp","href":"https:\/\/api.w.org\/{rel}","templated":true}]}}